{"id":5275,"date":"2014-05-24T13:51:08","date_gmt":"2014-05-24T13:51:08","guid":{"rendered":"http:\/\/wpresidence.net\/?page_id=9"},"modified":"2025-10-27T10:37:42","modified_gmt":"2025-10-27T10:37:42","slug":"terms-and-conditions","status":"publish","type":"page","link":"https:\/\/tymrealestate.com\/en\/terms-and-conditions\/","title":{"rendered":"Terms and Conditions"},"content":{"rendered":"<div data-elementor-type=\"wp-page\" data-elementor-id=\"5275\" class=\"elementor elementor-5275\" data-elementor-post-type=\"page\">\n\t\t\t\t<div class=\"elementor-element elementor-element-a88b40e e-con-full e-flex e-con e-parent\" data-id=\"a88b40e\" data-element_type=\"container\" data-settings=\"{&quot;background_background&quot;:&quot;classic&quot;}\">\n\t\t<div class=\"elementor-element elementor-element-516d4e9 e-con-full e-flex e-con e-child\" data-id=\"516d4e9\" data-element_type=\"container\">\n\t\t\t\t<div class=\"elementor-element elementor-element-4edb4db elementor-widget elementor-widget-heading\" data-id=\"4edb4db\" data-element_type=\"widget\" data-widget_type=\"heading.default\">\n\t\t\t\t<div class=\"elementor-widget-container\">\n\t\t\t\t\t<h2 class=\"elementor-heading-title elementor-size-default\">Terms and Conditions<\/h2>\t\t\t\t<\/div>\n\t\t\t\t<\/div>\n\t\t\t\t<div class=\"elementor-element elementor-element-fb38b86 elementor-widget elementor-widget-Property Breadcrumbs\" data-id=\"fb38b86\" data-element_type=\"widget\" data-widget_type=\"Property Breadcrumbs.default\">\n\t\t\t\t<div class=\"elementor-widget-container\">\n\t\t\t\t\t\n<div class=\"col-xs-12 col-md-12 breadcrumb_container\">\n    <ol class=\"breadcrumb\">\n        <li>\n            <a href=\"https:\/\/tymrealestate.com\/en\/\">Home<\/a>\n        <\/li>\n                <li class=\"active\">\n            Terms and Conditions        <\/li>\n    <\/ol>\n<\/div>\t\t\t\t<\/div>\n\t\t\t\t<\/div>\n\t\t\t\t<\/div>\n\t\t\t\t<\/div>\n\t\t<div class=\"elementor-element elementor-element-4e76256 e-flex e-con-boxed e-con e-parent\" data-id=\"4e76256\" data-element_type=\"container\">\n\t\t\t\t\t<div class=\"e-con-inner\">\n\t\t\t\t<div class=\"elementor-element elementor-element-8805829 elementor-widget elementor-widget-text-editor\" data-id=\"8805829\" data-element_type=\"widget\" data-widget_type=\"text-editor.default\">\n\t\t\t\t<div class=\"elementor-widget-container\">\n\t\t\t\t\t\t\t\t\t<div class=\"messages-wrapper\"><div class=\"messages-list\"><div class=\"messages-list__item messages-list__item--last\"><div class=\"message-item message-item--grouped\" data-id=\"68121d508dea2a2aa5688c00\"><div class=\"message-item__content-wrapper\"><div class=\"message-item__content\"><div class=\"message-item__text\"><p>A nossa pol\u00edtica de devolu\u00e7\u00e3o e reembolso \u00e9 v\u00e1lida por 30 dias a partir da data da compra. Ap\u00f3s este per\u00edodo, n\u00e3o podemos oferecer o reembolso total ou a troca.<\/p><h2><strong>Elegibilidade para Devolu\u00e7\u00e3o<\/strong><\/h2><p>Para se qualificar para uma devolu\u00e7\u00e3o, o artigo deve estar sem uso, no seu estado original e na embalagem original.<\/p><h2><strong>Itens N\u00e3o Retorn\u00e1veis<\/strong><\/h2><p>Os seguintes artigos n\u00e3o podem ser devolvidos:<\/p><p>Produtos perec\u00edveis (por exemplo, alimentos, flores, jornais, revistas)<br \/>Produtos \u00edntimos ou higi\u00e9nicos<br \/>Materiais perigosos, l\u00edquidos ou gases inflam\u00e1veis<br \/>Cart\u00f5es-presente<br \/>Software para download<br \/>Certos artigos de sa\u00fade e cuidados pessoais<br \/>Comprovativo de Compra<\/p><p>\u00c9 necess\u00e1rio um recibo ou comprovativo de compra para processar a sua devolu\u00e7\u00e3o. N\u00e3o devolva os artigos ao fabricante.<\/p><h2><b>Partial Refunds<\/b><\/h2><p>Partial refunds may be granted for:<\/p><p>Livros com sinais claros de uso<br \/>Suportes abertos (CDs, DVDs, cassetes VHS, software, videojogos, cassetes, discos de vinil)<br \/>Artigos que n\u00e3o se encontrem no seu estado original, danificados ou com partes em falta por motivos que n\u00e3o se devem a erro nosso<br \/>Artigos devolvidos ap\u00f3s o prazo de 30 dias<br \/>Processo de Reembolso<\/p><p>Assim que a sua devolu\u00e7\u00e3o for recebida e inspecionada, enviar-lhe-emos um e-mail a confirmar a rece\u00e7\u00e3o e a notificar a aprova\u00e7\u00e3o ou recusa do reembolso. Se for aprovado, o seu reembolso ser\u00e1 processado para o seu m\u00e9todo de pagamento original dentro de um prazo especificado.<\/p><h2><b>Late or Missing Refunds<\/b><\/h2><p>Se n\u00e3o recebeu o seu reembolso:<\/p><p>Verifique a sua conta banc\u00e1ria.<br \/>Contacte a sua operadora de cart\u00e3o de cr\u00e9dito, pois o tempo de processamento pode variar.<br \/>Contacte o seu banco para verificar se h\u00e1 atrasos. Se o problema persistir, contacte-nos para obter assist\u00eancia.<br \/>Artigos em Promo\u00e7\u00e3o<\/p><p>Apenas os artigos com pre\u00e7o normal s\u00e3o eleg\u00edveis para reembolso. Os artigos em promo\u00e7\u00e3o n\u00e3o podem ser reembolsados.<\/p><h2><b>Exchanges<\/b><\/h2><p>Substitu\u00edmos os artigos apenas se estiverem com defeito ou danificados. Para trocar um artigo pelo mesmo produto, envie um e-mail para {endere\u00e7o de e-mail} e envie o artigo para: {endere\u00e7o f\u00edsico}.<\/p><p>Devolu\u00e7\u00f5es de Presentes<br \/>Se o artigo foi comprado como presente e enviado diretamente para si, receber\u00e1 um cart\u00e3o presente no valor da devolu\u00e7\u00e3o. Um cart\u00e3o-presente ser\u00e1 enviado pelo correio ap\u00f3s a rece\u00e7\u00e3o do artigo devolvido.<br \/>Se o artigo n\u00e3o tiver sido marcado como presente, ou se o presenteador o tiver enviado para si pr\u00f3prio, reembolsaremos o valor pago e notific\u00e1-lo-emos da devolu\u00e7\u00e3o.<br \/>Envio para Devolu\u00e7\u00f5es<\/p><p>Para devolver um artigo, envie-o para: {endere\u00e7o f\u00edsico}. \u00c9 respons\u00e1vel pelos custos de envio da devolu\u00e7\u00e3o, que n\u00e3o s\u00e3o reembols\u00e1veis. O custo do envio da devolu\u00e7\u00e3o ser\u00e1 deduzido do seu reembolso. O prazo de entrega dos artigos trocados pode variar de acordo com a sua localiza\u00e7\u00e3o. Para artigos de valor elevado, recomendamos a utiliza\u00e7\u00e3o de um servi\u00e7o de entrega com rastreio ou a aquisi\u00e7\u00e3o de um seguro de envio, pois n\u00e3o podemos garantir a rece\u00e7\u00e3o da sua devolu\u00e7\u00e3o.<\/p><h2><b>Need Help?<\/b><\/h2><p>Para qualquer d\u00favida sobre reembolsos ou devolu\u00e7\u00f5es, por favor contacte-nos.<\/p><\/div><\/div><\/div><\/div><\/div><\/div><\/div>\t\t\t\t\t\t\t\t<\/div>\n\t\t\t\t<\/div>\n\t\t\t\t\t<\/div>\n\t\t\t\t<\/div>\n\t\t\t\t<\/div>","protected":false},"excerpt":{"rendered":"<p>Termos e Condi\u00c3\u00a7\u00c3\u00b5es Home Terms and Conditions A nossa pol\u00c3\u00adtica de devolu\u00c3\u00a7\u00c3\u00a3o e reembolso \u00c3\u00a9 v\u00c3\u00a1lida por 30 dias a partir da data da compra. Ap\u00c3\u00b3s este per\u00c3\u00adodo, n\u00c3\u00a3o podemos oferecer o reembolso total ou a troca. Elegibilidade para Devolu\u00c3\u00a7\u00c3\u00a3o Para se qualificar para uma devolu\u00c3\u00a7\u00c3\u00a3o, o artigo deve estar sem uso, no seu estado original e na embalagem original. Itens N\u00c3\u00a3o Retorn\u00c3\u00a1veis Os &#8230;<\/p>","protected":false},"author":1,"featured_media":0,"parent":0,"menu_order":0,"comment_status":"closed","ping_status":"closed","template":"elementor_header_footer","meta":{"footnotes":""},"class_list":["post-5275","page","type-page","status-publish","hentry"],"_links":{"self":[{"href":"https:\/\/tymrealestate.com\/en\/wp-json\/wp\/v2\/pages\/5275","targetHints":{"allow":["GET"]}}],"collection":[{"href":"https:\/\/tymrealestate.com\/en\/wp-json\/wp\/v2\/pages"}],"about":[{"href":"https:\/\/tymrealestate.com\/en\/wp-json\/wp\/v2\/types\/page"}],"author":[{"embeddable":true,"href":"https:\/\/tymrealestate.com\/en\/wp-json\/wp\/v2\/users\/1"}],"replies":[{"embeddable":true,"href":"https:\/\/tymrealestate.com\/en\/wp-json\/wp\/v2\/comments?post=5275"}],"version-history":[{"count":50,"href":"https:\/\/tymrealestate.com\/en\/wp-json\/wp\/v2\/pages\/5275\/revisions"}],"predecessor-version":[{"id":29025,"href":"https:\/\/tymrealestate.com\/en\/wp-json\/wp\/v2\/pages\/5275\/revisions\/29025"}],"wp:attachment":[{"href":"https:\/\/tymrealestate.com\/en\/wp-json\/wp\/v2\/media?parent=5275"}],"curies":[{"name":"wp","href":"https:\/\/api.w.org\/{rel}","templated":true}]}}