{"id":3,"date":"2025-04-04T06:46:47","date_gmt":"2025-04-04T06:46:47","guid":{"rendered":"https:\/\/tymrealestate.com\/?page_id=3"},"modified":"2025-10-27T10:37:33","modified_gmt":"2025-10-27T10:37:33","slug":"privacy-policy","status":"publish","type":"page","link":"https:\/\/tymrealestate.com\/en\/privacy-policy\/","title":{"rendered":"Privacy Policy"},"content":{"rendered":"<div data-elementor-type=\"wp-page\" data-elementor-id=\"3\" class=\"elementor elementor-3\" data-elementor-post-type=\"page\">\n\t\t\t\t<div class=\"elementor-element elementor-element-e004aec e-con-full e-flex e-con e-parent\" data-id=\"e004aec\" data-element_type=\"container\" data-settings=\"{&quot;background_background&quot;:&quot;classic&quot;}\">\n\t\t<div class=\"elementor-element elementor-element-f7ae679 e-con-full e-flex e-con e-child\" data-id=\"f7ae679\" data-element_type=\"container\">\n\t\t\t\t<div class=\"elementor-element elementor-element-eb1d87f elementor-widget elementor-widget-heading\" data-id=\"eb1d87f\" data-element_type=\"widget\" data-widget_type=\"heading.default\">\n\t\t\t\t<div class=\"elementor-widget-container\">\n\t\t\t\t\t<h2 class=\"elementor-heading-title elementor-size-default\">Privacy Policy<\/h2>\t\t\t\t<\/div>\n\t\t\t\t<\/div>\n\t\t\t\t<div class=\"elementor-element elementor-element-499faea elementor-widget elementor-widget-Property Breadcrumbs\" data-id=\"499faea\" data-element_type=\"widget\" data-widget_type=\"Property Breadcrumbs.default\">\n\t\t\t\t<div class=\"elementor-widget-container\">\n\t\t\t\t\t\n<div class=\"col-xs-12 col-md-12 breadcrumb_container\">\n    <ol class=\"breadcrumb\">\n        <li>\n            <a href=\"https:\/\/tymrealestate.com\/en\/\">Home<\/a>\n        <\/li>\n                <li class=\"active\">\n            Privacy Policy        <\/li>\n    <\/ol>\n<\/div>\t\t\t\t<\/div>\n\t\t\t\t<\/div>\n\t\t\t\t<\/div>\n\t\t\t\t<\/div>\n\t\t<div class=\"elementor-element elementor-element-c357a6a e-flex e-con-boxed e-con e-parent\" data-id=\"c357a6a\" data-element_type=\"container\">\n\t\t\t\t\t<div class=\"e-con-inner\">\n\t\t\t\t<div class=\"elementor-element elementor-element-4116059 elementor-widget elementor-widget-text-editor\" data-id=\"4116059\" data-element_type=\"widget\" data-widget_type=\"text-editor.default\">\n\t\t\t\t<div class=\"elementor-widget-container\">\n\t\t\t\t\t\t\t\t\t<p>Esta Pol\u00edtica de Privacidade descreve como a TYM PROPERTIES recolhe, utiliza, protege e partilha informa\u00e7\u00f5es dos utilizadores (&#8220;Utilizadores&#8221;) do nosso website (&#8220;Site&#8221;). Esta pol\u00edtica aplica-se ao Site e a todos os produtos e servi\u00e7os oferecidos pela TYM PROPERTIES.<\/p><h2><b>Recolha de Informa\u00e7\u00f5es Pessoais<\/b><\/h2><p>Poderemos recolher informa\u00e7\u00f5es pessoais dos Utilizadores atrav\u00e9s das suas intera\u00e7\u00f5es com as atividades, servi\u00e7os, caracter\u00edsticas ou funcionalidades do nosso Site. Os Utilizadores podem visitar o nosso Site anonimamente, e as informa\u00e7\u00f5es pessoais s\u00e3o recolhidas apenas quando fornecidas voluntariamente. Embora o envio de informa\u00e7\u00f5es pessoais seja opcional, a recusa pode restringir o acesso a determinadas funcionalidades ou atividades do Site.<\/p><h2><b>Recolha de Informa\u00e7\u00f5es N\u00e3o Pessoais<\/b><\/h2><p>Quando os Utilizadores interagem com o nosso Site, podemos recolher informa\u00e7\u00f5es que n\u00e3o sejam de identifica\u00e7\u00e3o pessoal, tais como o tipo de navegador, as especifica\u00e7\u00f5es do computador, o sistema operativo, o fornecedor de servi\u00e7os de internet e outros detalhes t\u00e9cnicos sobre a liga\u00e7\u00e3o do Utilizador ao Site.<\/p><h2><b>Utiliza\u00e7\u00e3o de Cookies<\/b><\/h2><p>O nosso Site pode utilizar &#8220;cookies&#8221; para melhorar a experi\u00eancia do Utilizador. Os cookies s\u00e3o armazenados pelo navegador do Utilizador no seu disco r\u00edgido para fins de registo e rastreio. Os utilizadores podem configurar os seus navegadores para rejeitar cookies ou receber notifica\u00e7\u00f5es quando s\u00e3o enviados cookies. Esteja ciente de que a desativa\u00e7\u00e3o de cookies pode afetar a funcionalidade de determinadas funcionalidades do Site.<\/p><h2><b>Seguran\u00e7a de Dados<\/b><\/h2><p>Implementamos pr\u00e1ticas seguras para a recolha, armazenamento e processamento de dados para proteger contra o acesso n\u00e3o autorizado, modifica\u00e7\u00e3o, divulga\u00e7\u00e3o ou destrui\u00e7\u00e3o de informa\u00e7\u00f5es pessoais, nomes de utilizador, palavras-passe, detalhes de transa\u00e7\u00f5es e outros dados confidenciais.<\/p><h2><b>Partilha de Informa\u00e7\u00f5es Pessoais<\/b><\/h2><p>A TYM PROPERTIES n\u00e3o vende, comercializa ou aluga informa\u00e7\u00f5es pessoais dos Utilizadores a terceiros. Podemos partilhar informa\u00e7\u00f5es demogr\u00e1ficas agregadas e n\u00e3o pessoalmente identific\u00e1veis com os nossos parceiros comerciais, afiliados de confian\u00e7a e anunciantes para os fins descritos nesta pol\u00edtica.<\/p><h2><b>Atualiza\u00e7\u00f5es da Pol\u00edtica de Privacidade<\/b><\/h2><p>A TYM PROPERTIES pode rever esta Pol\u00edtica de Privacidade a qualquer momento. As altera\u00e7\u00f5es ser\u00e3o indicadas pela atualiza\u00e7\u00e3o da data na parte inferior desta p\u00e1gina. Incentivamos os Utilizadores a verificarem esta p\u00e1gina regularmente para se manterem informados sobre a forma como protegemos as suas informa\u00e7\u00f5es. \u00c9 da responsabilidade do Utilizador rever esta Pol\u00edtica de Privacidade periodicamente para verificar se existem atualiza\u00e7\u00f5es.<\/p><h2><b>Aceita\u00e7\u00e3o dos Termos<\/b><\/h2><p>Ao utilizar o nosso Site, concorda com os termos desta Pol\u00edtica de Privacidade. Caso n\u00e3o concorde com esta pol\u00edtica, por favor, n\u00e3o utilize o nosso Site. A utiliza\u00e7\u00e3o cont\u00ednua do Site ap\u00f3s atualiza\u00e7\u00f5es desta pol\u00edtica ser\u00e1 considerada como aceita\u00e7\u00e3o dessas altera\u00e7\u00f5es.<\/p>\t\t\t\t\t\t\t\t<\/div>\n\t\t\t\t<\/div>\n\t\t\t\t\t<\/div>\n\t\t\t\t<\/div>\n\t\t\t\t<\/div>","protected":false},"excerpt":{"rendered":"<p>pol\u00c3\u00adtica de Privacidade Home Privacy Policy Esta Pol\u00c3\u00adtica de Privacidade descreve como a TYM PROPERTIES recolhe, utiliza, protege e partilha informa\u00c3\u00a7\u00c3\u00b5es dos utilizadores (&#8220;Utilizadores&#8221;) do nosso website (&#8220;Site&#8221;). Esta pol\u00c3\u00adtica aplica-se ao Site e a todos os produtos e servi\u00c3\u00a7os oferecidos pela TYM PROPERTIES. Recolha de Informa\u00c3\u00a7\u00c3\u00b5es Pessoais Poderemos recolher informa\u00c3\u00a7\u00c3\u00b5es pessoais dos Utilizadores atrav\u00c3\u00a9s das suas intera\u00c3\u00a7\u00c3\u00b5es com as atividades, servi\u00c3\u00a7os, caracter\u00c3\u00adsticas ou &#8230;<\/p>","protected":false},"author":1,"featured_media":0,"parent":0,"menu_order":0,"comment_status":"closed","ping_status":"open","template":"elementor_header_footer","meta":{"footnotes":""},"class_list":["post-3","page","type-page","status-publish","hentry"],"_links":{"self":[{"href":"https:\/\/tymrealestate.com\/en\/wp-json\/wp\/v2\/pages\/3","targetHints":{"allow":["GET"]}}],"collection":[{"href":"https:\/\/tymrealestate.com\/en\/wp-json\/wp\/v2\/pages"}],"about":[{"href":"https:\/\/tymrealestate.com\/en\/wp-json\/wp\/v2\/types\/page"}],"author":[{"embeddable":true,"href":"https:\/\/tymrealestate.com\/en\/wp-json\/wp\/v2\/users\/1"}],"replies":[{"embeddable":true,"href":"https:\/\/tymrealestate.com\/en\/wp-json\/wp\/v2\/comments?post=3"}],"version-history":[{"count":46,"href":"https:\/\/tymrealestate.com\/en\/wp-json\/wp\/v2\/pages\/3\/revisions"}],"predecessor-version":[{"id":29022,"href":"https:\/\/tymrealestate.com\/en\/wp-json\/wp\/v2\/pages\/3\/revisions\/29022"}],"wp:attachment":[{"href":"https:\/\/tymrealestate.com\/en\/wp-json\/wp\/v2\/media?parent=3"}],"curies":[{"name":"wp","href":"https:\/\/api.w.org\/{rel}","templated":true}]}}