{"id":28772,"date":"2025-10-25T08:40:09","date_gmt":"2025-10-25T08:40:09","guid":{"rendered":"https:\/\/tymrealestate.com\/?page_id=28772"},"modified":"2025-12-02T15:36:43","modified_gmt":"2025-12-02T15:36:43","slug":"luanda-holiday-homes","status":"publish","type":"page","link":"https:\/\/tymrealestate.com\/en\/luanda-holiday-homes\/","title":{"rendered":"Luanda holiday homes"},"content":{"rendered":"<div data-elementor-type=\"wp-page\" data-elementor-id=\"28772\" class=\"elementor elementor-28772\" data-elementor-post-type=\"page\">\n\t\t\t\t<div class=\"elementor-element elementor-element-d98f1a8 e-flex e-con-boxed e-con e-parent\" data-id=\"d98f1a8\" data-element_type=\"container\" data-settings=\"{&quot;background_background&quot;:&quot;classic&quot;}\">\n\t\t\t\t\t<div class=\"e-con-inner\">\n\t\t<div class=\"elementor-element elementor-element-86e3095 e-con-full e-flex e-con e-child\" data-id=\"86e3095\" data-element_type=\"container\">\n\t\t\t\t<div class=\"elementor-element elementor-element-24a5eaf elementor-invisible elementor-widget elementor-widget-heading\" data-id=\"24a5eaf\" data-element_type=\"widget\" data-settings=\"{&quot;_animation&quot;:&quot;fadeInDown&quot;}\" data-widget_type=\"heading.default\">\n\t\t\t\t<div class=\"elementor-widget-container\">\n\t\t\t\t\t<h2 class=\"elementor-heading-title elementor-size-default\">Holiday homes in Luanda<\/h2>\t\t\t\t<\/div>\n\t\t\t\t<\/div>\n\t\t\t\t<div class=\"elementor-element elementor-element-c25930c elementor-invisible elementor-widget elementor-widget-Property Breadcrumbs\" data-id=\"c25930c\" data-element_type=\"widget\" data-settings=\"{&quot;_animation&quot;:&quot;fadeIn&quot;}\" data-widget_type=\"Property Breadcrumbs.default\">\n\t\t\t\t<div class=\"elementor-widget-container\">\n\t\t\t\t\t\n<div class=\"col-xs-12 col-md-12 breadcrumb_container\">\n    <ol class=\"breadcrumb\">\n        <li>\n            <a href=\"https:\/\/tymrealestate.com\/en\/\">Home<\/a>\n        <\/li>\n                <li class=\"active\">\n            Luanda holiday homes        <\/li>\n    <\/ol>\n<\/div>\t\t\t\t<\/div>\n\t\t\t\t<\/div>\n\t\t\t\t<\/div>\n\t\t\t\t\t<\/div>\n\t\t\t\t<\/div>\n\t\t<div class=\"elementor-element elementor-element-d6b37d5 e-flex e-con-boxed elementor-invisible e-con e-parent\" data-id=\"d6b37d5\" data-element_type=\"container\" data-settings=\"{&quot;background_background&quot;:&quot;classic&quot;,&quot;animation&quot;:&quot;slideInUp&quot;}\">\n\t\t\t\t\t<div class=\"e-con-inner\">\n\t\t<div class=\"elementor-element elementor-element-fc1ef79 e-con-full e-flex e-con e-child\" data-id=\"fc1ef79\" data-element_type=\"container\">\n\t\t\t\t<div class=\"elementor-element elementor-element-4bae1ac elementor-invisible elementor-widget elementor-widget-heading\" data-id=\"4bae1ac\" data-element_type=\"widget\" data-settings=\"{&quot;_animation&quot;:&quot;slideInUp&quot;}\" data-widget_type=\"heading.default\">\n\t\t\t\t<div class=\"elementor-widget-container\">\n\t\t\t\t\t<h2 class=\"elementor-heading-title elementor-size-default\">Experience coastal comfort in holiday homes in Luanda.<\/h2>\t\t\t\t<\/div>\n\t\t\t\t<\/div>\n\t\t\t\t<div class=\"elementor-element elementor-element-6fecd5b elementor-invisible elementor-widget elementor-widget-text-editor\" data-id=\"6fecd5b\" data-element_type=\"widget\" data-settings=\"{&quot;_animation&quot;:&quot;slideInUp&quot;}\" data-widget_type=\"text-editor.default\">\n\t\t\t\t<div class=\"elementor-widget-container\">\n\t\t\t\t\t\t\t\t\t<p>Discover premium holiday homes in the heart of Luanda, offering the perfect blend of comfort and coastal charm. Whether for business or leisure, our fully furnished rentals offer modern amenities, panoramic views and a welcoming, inviting atmosphere \u2014 your ideal retreat in Angola's vibrant capital.<\/p>\t\t\t\t\t\t\t\t<\/div>\n\t\t\t\t<\/div>\n\t\t\t\t<\/div>\n\t\t\t\t\t<\/div>\n\t\t\t\t<\/div>\n\t\t<div class=\"elementor-element elementor-element-06f9b80 e-flex e-con-boxed elementor-invisible e-con e-parent\" data-id=\"06f9b80\" data-element_type=\"container\" data-settings=\"{&quot;background_background&quot;:&quot;classic&quot;,&quot;animation&quot;:&quot;slideInRight&quot;}\">\n\t\t\t\t\t<div class=\"e-con-inner\">\n\t\t<div class=\"elementor-element elementor-element-6008c00 e-con-full e-flex e-con e-child\" data-id=\"6008c00\" data-element_type=\"container\">\n\t\t\t\t<div class=\"elementor-element elementor-element-1badd0f elementor-hidden-desktop elementor-hidden-laptop elementor-hidden-tablet_extra elementor-hidden-tablet elementor-hidden-mobile elementor-widget elementor-widget-Wpresidence_Filter_List_Properties_v1\" data-id=\"1badd0f\" data-element_type=\"widget\" data-widget_type=\"Wpresidence_Filter_List_Properties_v1.default\">\n\t\t\t\t<div class=\"elementor-widget-container\">\n\t\t\t\t\t    \n    <!-- Display filter dropdowns -->\n    <div class=\"listing_filters_head\">\n     \n        <input type=\"hidden\" id=\"page_idx\" value=\"28772\">\n        \n        <div class=\"dropdown listing_filter_select wpresidence_dropdown wpresidence_filters_dropdown\">\n            <!-- Dropdown toggle button -->\n            <button data-toggle=\"dropdown\" id=\"a_filter_action\"\n                class=\"btn dropdown-toggle filter_menu_trigger\"\n                type=\"button\" data-bs-toggle=\"dropdown\" aria-expanded=\"false\"\n                data-value=\"Types\">\n               Types\n            <\/button>\n            <!-- Dropdown menu items -->\n            <ul class=\"dropdown-menu filter_menu\" role=\"menu\" aria-labelledby=\"a_filter_action\">\n                <li role=\"presentation\" data-value=\"all\">Types<\/li><li role=\"presentation\" data-value=\"buy\">Buy<\/li><li role=\"presentation\" data-value=\"Imovel na Planta\">Offplan<\/li>\n            <\/ul>\n        <\/div>\n        <div class=\"dropdown listing_filter_select wpresidence_dropdown wpresidence_filters_dropdown\">\n            <!-- Dropdown toggle button -->\n            <button data-toggle=\"dropdown\" id=\"a_filter_categ\"\n                class=\"btn dropdown-toggle filter_menu_trigger\"\n                type=\"button\" data-bs-toggle=\"dropdown\" aria-expanded=\"false\"\n                data-value=\"luanda-holiday-homes\">\n               Luanda Holiday Homes\n            <\/button>\n            <!-- Dropdown menu items -->\n            <ul class=\"dropdown-menu filter_menu\" role=\"menu\" aria-labelledby=\"a_filter_categ\">\n                <li role=\"presentation\" data-value=\"all\">Type<\/li><li role=\"presentation\" data-value=\"apartment\">Apartment<\/li><li role=\"presentation\" data-value=\"dubai-holiday-homes\">Dubai Holiday Homes<\/li><li role=\"presentation\" data-value=\"luanda-holiday-homes\">Luanda Holiday Homes<\/li><li role=\"presentation\" data-value=\"town-houses\">Town Houses<\/li><li role=\"presentation\" data-value=\"villa\">Villa<\/li>\n            <\/ul>\n        <\/div>\n        <div class=\"dropdown listing_filter_select wpresidence_dropdown wpresidence_filters_dropdown\">\n            <!-- Dropdown toggle button -->\n            <button data-toggle=\"dropdown\" id=\"a_filter_county\"\n                class=\"btn dropdown-toggle filter_menu_trigger\"\n                type=\"button\" data-bs-toggle=\"dropdown\" aria-expanded=\"false\"\n                data-value=\"luanda\">\n               Luanda\n            <\/button>\n            <!-- Dropdown menu items -->\n            <ul class=\"dropdown-menu filter_menu\" role=\"menu\" aria-labelledby=\"a_filter_county\">\n                <li role=\"presentation\" data-value=\"all\" data-value2=\"all\">Municipality<\/li><li role=\"presentation\" data-value=\"dubai\" ax data-value2=\"dubai\">Dubai<\/li><li role=\"presentation\" data-value=\"luanda\" ax data-value2=\"luanda\">Luanda<\/li><li role=\"presentation\" data-value=\"talatona\" ax data-value2=\"talatona\">Taleton<\/li>\n            <\/ul>\n        <\/div>\n        <div class=\"dropdown listing_filter_select wpresidence_dropdown wpresidence_filters_dropdown\">\n            <!-- Dropdown toggle button -->\n            <button data-toggle=\"dropdown\" id=\"a_filter_cities\"\n                class=\"btn dropdown-toggle filter_menu_trigger\"\n                type=\"button\" data-bs-toggle=\"dropdown\" aria-expanded=\"false\"\n                data-value=\"Cities\">\n               Cities\n            <\/button>\n            <!-- Dropdown menu items -->\n            <ul class=\"dropdown-menu filter_menu\" role=\"menu\" aria-labelledby=\"a_filter_cities\">\n                <li role=\"presentation\" data-value=\"all\" data-value2=\"all\">City<\/li><li role=\"presentation\" data-value=\"luanda\" data-value2=\"luanda\" data-parentcounty=\"\">Luanda<\/li>\n            <\/ul>\n        <\/div>\n        <div class=\"dropdown listing_filter_select wpresidence_dropdown wpresidence_filters_dropdown\">\n            <!-- Dropdown toggle button -->\n            <button data-toggle=\"dropdown\" id=\"a_filter_areas\"\n                class=\"btn dropdown-toggle filter_menu_trigger\"\n                type=\"button\" data-bs-toggle=\"dropdown\" aria-expanded=\"false\"\n                data-value=\"Areas\">\n               Areas\n            <\/button>\n            <!-- Dropdown menu items -->\n            <ul class=\"dropdown-menu filter_menu\" role=\"menu\" aria-labelledby=\"a_filter_areas\">\n                <li role=\"presentation\" data-value=\"all\">Area<\/li><li role=\"presentation\" data-value=\"cidade-de-talatona\" data-parentcity=\"\">City of Talatona<\/li><li role=\"presentation\" data-value=\"dubai-harbour\" data-parentcity=\"\">Dubai Harbour<\/li><li role=\"presentation\" data-value=\"dubai-maritime-city\" data-parentcity=\"\">Dubai Maritime City<\/li><li role=\"presentation\" data-value=\"dubai-motor-city\" data-parentcity=\"\">Dubai Motor City<\/li><li role=\"presentation\" data-value=\"dubailand\" data-parentcity=\"\">Dubailand<\/li><li role=\"presentation\" data-value=\"jumeirah-lake-towers\" data-parentcity=\"\">Jumeirah Lake Towers<\/li><li role=\"presentation\" data-value=\"jumeirah-village-circle\" data-parentcity=\"\">Jumeirah Village Circle<\/li><li role=\"presentation\" data-value=\"mussulo\" data-parentcity=\"\">Mussulo<\/li><li role=\"presentation\" data-value=\"sobha-hartland\" data-parentcity=\"\">Sobha Hartland<\/li>\n            <\/ul>\n        <\/div>\n        <div class=\"dropdown listing_filter_select wpresidence_dropdown wpresidence_filters_dropdown\">\n            <!-- Dropdown toggle button -->\n            <button data-toggle=\"dropdown\" id=\"a_filter_order\"\n                class=\"btn dropdown-toggle filter_menu_trigger\"\n                type=\"button\" data-bs-toggle=\"dropdown\" aria-expanded=\"false\"\n                data-value=\"0\">\n               Default\n            <\/button>\n            <!-- Dropdown menu items -->\n            <ul class=\"dropdown-menu filter_menu\" role=\"menu\" aria-labelledby=\"a_filter_order\">\n                <li role=\"presentation\" data-value=\"1\">Price High to Low<\/li><li role=\"presentation\" data-value=\"2\">Price Low to High<\/li><li role=\"presentation\" data-value=\"3\">Newest first<\/li><li role=\"presentation\" data-value=\"4\">Oldest first<\/li><li role=\"presentation\" data-value=\"11\">Newest Edited<\/li><li role=\"presentation\" data-value=\"12\">Oldest Edited <\/li><li role=\"presentation\" data-value=\"5\">Bedrooms High to Low<\/li><li role=\"presentation\" data-value=\"6\">Bedrooms Low to high<\/li><li role=\"presentation\" data-value=\"7\">Bathrooms High to Low<\/li><li role=\"presentation\" data-value=\"8\">Bathrooms Low to high<\/li><li role=\"presentation\" data-value=\"0\">Default<\/li>\n            <\/ul>\n        <\/div>\n        \n        <div class=\"wpestate_list_grid_filter_wiew_wrapper\">\n            <!-- Grid view toggle -->\n            <div class=\"listing_filter_select listing_filter_views grid_filter_wiew\">\n                <div id=\"grid_view\" class=\"icon_selected\">\n                    <i class=\"fa-solid fa-grip-vertical\"><\/i>\n                <\/div>\n            <\/div>\n\n            <!-- List view toggle -->\n            <div class=\"listing_filter_select listing_filter_views list_filter_wiew\">\n                <div id=\"list_view\" class=\"\">\n                    <i class=\"fas fa-bars\"><\/i>\n                <\/div>\n            <\/div>\n            <div data-toggle=\"dropdown\" id=\"a_filter_county\" class=\"\" data-value=\"luanda\"><\/div>\n        <\/div>\n    <\/div>\n<div class=\"wpestate_filter_list_properties_wrapper row\" \n                            data-ishortcode=\"1\" \n                            data-number=\"9\"  \n                            data-rownumber=\"3\" \n                            data-card_version=\"0\" \n                            data-align=\"vertical\"><span class=\"no_results\">There are no properties listed on this page at this moment. Please try again later.<\/span><div class=\"spinner\" id=\"listing_loader2\">\n                           <div class=\"new_prelader\"><\/div>\n                       <\/div><\/div>\t\t\t\t<\/div>\n\t\t\t\t<\/div>\n\t\t\t\t<div class=\"elementor-element elementor-element-b901ba1 elementor-invisible elementor-widget elementor-widget-heading\" data-id=\"b901ba1\" data-element_type=\"widget\" data-settings=\"{&quot;_animation&quot;:&quot;slideInUp&quot;}\" data-widget_type=\"heading.default\">\n\t\t\t\t<div class=\"elementor-widget-container\">\n\t\t\t\t\t<h2 class=\"elementor-heading-title elementor-size-default\">Coming soon<\/h2>\t\t\t\t<\/div>\n\t\t\t\t<\/div>\n\t\t\t\t<\/div>\n\t\t\t\t\t<\/div>\n\t\t\t\t<\/div>\n\t\t\t\t<\/div>","protected":false},"excerpt":{"rendered":"<p>Casas de f\u00e9rias em Luanda Home Luanda holiday homes Experimente o conforto costeiro em casas de f\u00e9rias em Luanda Descubra casas de f\u00e9rias premium no cora\u00e7\u00e3o de Luanda, que oferecem a combina\u00e7\u00e3o perfeita de conforto e charme costeiro. Seja para neg\u00f3cios ou lazer, nossos alugu\u00e9is totalmente mobiliados oferecem comodidades modernas, vistas panor\u00e2micas e um ambiente acolhedor e acolhedor \u2014 o seu ref\u00fagio ideal na &#8230;<\/p>","protected":false},"author":1,"featured_media":0,"parent":0,"menu_order":0,"comment_status":"closed","ping_status":"closed","template":"elementor_header_footer","meta":{"footnotes":""},"class_list":["post-28772","page","type-page","status-publish","hentry"],"_links":{"self":[{"href":"https:\/\/tymrealestate.com\/en\/wp-json\/wp\/v2\/pages\/28772","targetHints":{"allow":["GET"]}}],"collection":[{"href":"https:\/\/tymrealestate.com\/en\/wp-json\/wp\/v2\/pages"}],"about":[{"href":"https:\/\/tymrealestate.com\/en\/wp-json\/wp\/v2\/types\/page"}],"author":[{"embeddable":true,"href":"https:\/\/tymrealestate.com\/en\/wp-json\/wp\/v2\/users\/1"}],"replies":[{"embeddable":true,"href":"https:\/\/tymrealestate.com\/en\/wp-json\/wp\/v2\/comments?post=28772"}],"version-history":[{"count":52,"href":"https:\/\/tymrealestate.com\/en\/wp-json\/wp\/v2\/pages\/28772\/revisions"}],"predecessor-version":[{"id":29778,"href":"https:\/\/tymrealestate.com\/en\/wp-json\/wp\/v2\/pages\/28772\/revisions\/29778"}],"wp:attachment":[{"href":"https:\/\/tymrealestate.com\/en\/wp-json\/wp\/v2\/media?parent=28772"}],"curies":[{"name":"wp","href":"https:\/\/api.w.org\/{rel}","templated":true}]}}