{"id":28756,"date":"2025-10-25T08:34:17","date_gmt":"2025-10-25T08:34:17","guid":{"rendered":"https:\/\/tymrealestate.com\/?page_id=28756"},"modified":"2025-12-02T13:38:32","modified_gmt":"2025-12-02T13:38:32","slug":"dubai-holiday-homes","status":"publish","type":"page","link":"https:\/\/tymrealestate.com\/en\/dubai-holiday-homes\/","title":{"rendered":"Dubai holiday homes"},"content":{"rendered":"<div data-elementor-type=\"wp-page\" data-elementor-id=\"28756\" class=\"elementor elementor-28756\" data-elementor-post-type=\"page\">\n\t\t\t\t<div class=\"elementor-element elementor-element-2ebb1f8 e-flex e-con-boxed e-con e-parent\" data-id=\"2ebb1f8\" data-element_type=\"container\" data-settings=\"{&quot;background_background&quot;:&quot;classic&quot;}\">\n\t\t\t\t\t<div class=\"e-con-inner\">\n\t\t<div class=\"elementor-element elementor-element-05ecae5 e-con-full e-flex e-con e-child\" data-id=\"05ecae5\" data-element_type=\"container\">\n\t\t\t\t<div class=\"elementor-element elementor-element-45606ad elementor-invisible elementor-widget elementor-widget-heading\" data-id=\"45606ad\" data-element_type=\"widget\" data-settings=\"{&quot;_animation&quot;:&quot;fadeInDown&quot;}\" data-widget_type=\"heading.default\">\n\t\t\t\t<div class=\"elementor-widget-container\">\n\t\t\t\t\t<h2 class=\"elementor-heading-title elementor-size-default\">Holiday homes in Dubai<\/h2>\t\t\t\t<\/div>\n\t\t\t\t<\/div>\n\t\t\t\t<div class=\"elementor-element elementor-element-b038d1e elementor-invisible elementor-widget elementor-widget-Property Breadcrumbs\" data-id=\"b038d1e\" data-element_type=\"widget\" data-settings=\"{&quot;_animation&quot;:&quot;fadeIn&quot;}\" data-widget_type=\"Property Breadcrumbs.default\">\n\t\t\t\t<div class=\"elementor-widget-container\">\n\t\t\t\t\t\n<div class=\"col-xs-12 col-md-12 breadcrumb_container\">\n    <ol class=\"breadcrumb\">\n        <li>\n            <a href=\"https:\/\/tymrealestate.com\/en\/\">Home<\/a>\n        <\/li>\n                <li class=\"active\">\n            Dubai holiday homes        <\/li>\n    <\/ol>\n<\/div>\t\t\t\t<\/div>\n\t\t\t\t<\/div>\n\t\t\t\t<\/div>\n\t\t\t\t\t<\/div>\n\t\t\t\t<\/div>\n\t\t<div class=\"elementor-element elementor-element-32e68ad e-flex e-con-boxed elementor-invisible e-con e-parent\" data-id=\"32e68ad\" data-element_type=\"container\" data-settings=\"{&quot;background_background&quot;:&quot;classic&quot;,&quot;animation&quot;:&quot;slideInUp&quot;}\">\n\t\t\t\t\t<div class=\"e-con-inner\">\n\t\t<div class=\"elementor-element elementor-element-72f21ec e-con-full e-flex e-con e-child\" data-id=\"72f21ec\" data-element_type=\"container\">\n\t\t\t\t<div class=\"elementor-element elementor-element-f690856 elementor-invisible elementor-widget elementor-widget-heading\" data-id=\"f690856\" data-element_type=\"widget\" data-settings=\"{&quot;_animation&quot;:&quot;slideInUp&quot;}\" data-widget_type=\"heading.default\">\n\t\t\t\t<div class=\"elementor-widget-container\">\n\t\t\t\t\t<h2 class=\"elementor-heading-title elementor-size-default\">Luxury living redefined \u2013 Holiday homes in Dubai<\/h2>\t\t\t\t<\/div>\n\t\t\t\t<\/div>\n\t\t\t\t<div class=\"elementor-element elementor-element-9494662 elementor-invisible elementor-widget elementor-widget-text-editor\" data-id=\"9494662\" data-element_type=\"widget\" data-settings=\"{&quot;_animation&quot;:&quot;slideInUp&quot;}\" data-widget_type=\"text-editor.default\">\n\t\t\t\t<div class=\"elementor-widget-container\">\n\t\t\t\t\t\t\t\t\t<p>Explore exclusive vacation homes in Dubai, from beachfront apartments to luxurious city center suites. Each property combines elegant design, high-end amenities, and a prime location near iconic attractions \u2014 giving you the ultimate Dubai experience with the comforts of home.<\/p>\t\t\t\t\t\t\t\t<\/div>\n\t\t\t\t<\/div>\n\t\t\t\t<\/div>\n\t\t\t\t\t<\/div>\n\t\t\t\t<\/div>\n\t\t<div class=\"elementor-element elementor-element-66d59bb e-flex e-con-boxed elementor-invisible e-con e-parent\" data-id=\"66d59bb\" data-element_type=\"container\" data-settings=\"{&quot;background_background&quot;:&quot;classic&quot;,&quot;animation&quot;:&quot;slideInRight&quot;}\">\n\t\t\t\t\t<div class=\"e-con-inner\">\n\t\t<div class=\"elementor-element elementor-element-cb1d69a e-con-full e-flex e-con e-child\" data-id=\"cb1d69a\" data-element_type=\"container\">\n\t\t\t\t<div class=\"elementor-element elementor-element-fedb40a elementor-widget elementor-widget-Wpresidence_Filter_List_Properties_v1\" data-id=\"fedb40a\" data-element_type=\"widget\" data-widget_type=\"Wpresidence_Filter_List_Properties_v1.default\">\n\t\t\t\t<div class=\"elementor-widget-container\">\n\t\t\t\t\t    \n    <!-- Display filter dropdowns -->\n    <div class=\"listing_filters_head\">\n     \n        <input type=\"hidden\" id=\"page_idx\" value=\"28756\">\n        \n        <div class=\"dropdown listing_filter_select wpresidence_dropdown wpresidence_filters_dropdown\">\n            <!-- Dropdown toggle button -->\n            <button data-toggle=\"dropdown\" id=\"a_filter_action\"\n                class=\"btn dropdown-toggle filter_menu_trigger\"\n                type=\"button\" data-bs-toggle=\"dropdown\" aria-expanded=\"false\"\n                data-value=\"Types\">\n               Types\n            <\/button>\n            <!-- Dropdown menu items -->\n            <ul class=\"dropdown-menu filter_menu\" role=\"menu\" aria-labelledby=\"a_filter_action\">\n                <li role=\"presentation\" data-value=\"all\">Types<\/li><li role=\"presentation\" data-value=\"buy\">Buy<\/li><li role=\"presentation\" data-value=\"Imovel na Planta\">Offplan<\/li>\n            <\/ul>\n        <\/div>\n        <div class=\"dropdown listing_filter_select wpresidence_dropdown wpresidence_filters_dropdown\">\n            <!-- Dropdown toggle button -->\n            <button data-toggle=\"dropdown\" id=\"a_filter_categ\"\n                class=\"btn dropdown-toggle filter_menu_trigger\"\n                type=\"button\" data-bs-toggle=\"dropdown\" aria-expanded=\"false\"\n                data-value=\"dubai-holiday-homes\">\n               Dubai Holiday Homes\n            <\/button>\n            <!-- Dropdown menu items -->\n            <ul class=\"dropdown-menu filter_menu\" role=\"menu\" aria-labelledby=\"a_filter_categ\">\n                <li role=\"presentation\" data-value=\"all\">Type<\/li><li role=\"presentation\" data-value=\"apartment\">Apartment<\/li><li role=\"presentation\" data-value=\"dubai-holiday-homes\">Dubai Holiday Homes<\/li><li role=\"presentation\" data-value=\"luanda-holiday-homes\">Luanda Holiday Homes<\/li><li role=\"presentation\" data-value=\"town-houses\">Town Houses<\/li><li role=\"presentation\" data-value=\"villa\">Villa<\/li>\n            <\/ul>\n        <\/div>\n        <div class=\"dropdown listing_filter_select wpresidence_dropdown wpresidence_filters_dropdown\">\n            <!-- Dropdown toggle button -->\n            <button data-toggle=\"dropdown\" id=\"a_filter_county\"\n                class=\"btn dropdown-toggle filter_menu_trigger\"\n                type=\"button\" data-bs-toggle=\"dropdown\" aria-expanded=\"false\"\n                data-value=\"dubai\">\n               Dubai\n            <\/button>\n            <!-- Dropdown menu items -->\n            <ul class=\"dropdown-menu filter_menu\" role=\"menu\" aria-labelledby=\"a_filter_county\">\n                <li role=\"presentation\" data-value=\"all\" data-value2=\"all\">Municipality<\/li><li role=\"presentation\" data-value=\"dubai\" ax data-value2=\"dubai\">Dubai<\/li><li role=\"presentation\" data-value=\"luanda\" ax data-value2=\"luanda\">Luanda<\/li><li role=\"presentation\" data-value=\"talatona\" ax data-value2=\"talatona\">Taleton<\/li>\n            <\/ul>\n        <\/div>\n        <div class=\"dropdown listing_filter_select wpresidence_dropdown wpresidence_filters_dropdown\">\n            <!-- Dropdown toggle button -->\n            <button data-toggle=\"dropdown\" id=\"a_filter_cities\"\n                class=\"btn dropdown-toggle filter_menu_trigger\"\n                type=\"button\" data-bs-toggle=\"dropdown\" aria-expanded=\"false\"\n                data-value=\"Cities\">\n               Cities\n            <\/button>\n            <!-- Dropdown menu items -->\n            <ul class=\"dropdown-menu filter_menu\" role=\"menu\" aria-labelledby=\"a_filter_cities\">\n                <li role=\"presentation\" data-value=\"all\" data-value2=\"all\">City<\/li><li role=\"presentation\" data-value=\"luanda\" data-value2=\"luanda\" data-parentcounty=\"\">Luanda<\/li>\n            <\/ul>\n        <\/div>\n        <div class=\"dropdown listing_filter_select wpresidence_dropdown wpresidence_filters_dropdown\">\n            <!-- Dropdown toggle button -->\n            <button data-toggle=\"dropdown\" id=\"a_filter_areas\"\n                class=\"btn dropdown-toggle filter_menu_trigger\"\n                type=\"button\" data-bs-toggle=\"dropdown\" aria-expanded=\"false\"\n                data-value=\"Areas\">\n               Areas\n            <\/button>\n            <!-- Dropdown menu items -->\n            <ul class=\"dropdown-menu filter_menu\" role=\"menu\" aria-labelledby=\"a_filter_areas\">\n                <li role=\"presentation\" data-value=\"all\">Area<\/li><li role=\"presentation\" data-value=\"cidade-de-talatona\" data-parentcity=\"\">City of Talatona<\/li><li role=\"presentation\" data-value=\"dubai-harbour\" data-parentcity=\"\">Dubai Harbour<\/li><li role=\"presentation\" data-value=\"dubai-maritime-city\" data-parentcity=\"\">Dubai Maritime City<\/li><li role=\"presentation\" data-value=\"dubai-motor-city\" data-parentcity=\"\">Dubai Motor City<\/li><li role=\"presentation\" data-value=\"dubailand\" data-parentcity=\"\">Dubailand<\/li><li role=\"presentation\" data-value=\"jumeirah-lake-towers\" data-parentcity=\"\">Jumeirah Lake Towers<\/li><li role=\"presentation\" data-value=\"jumeirah-village-circle\" data-parentcity=\"\">Jumeirah Village Circle<\/li><li role=\"presentation\" data-value=\"mussulo\" data-parentcity=\"\">Mussulo<\/li><li role=\"presentation\" data-value=\"sobha-hartland\" data-parentcity=\"\">Sobha Hartland<\/li>\n            <\/ul>\n        <\/div>\n        <div class=\"dropdown listing_filter_select wpresidence_dropdown wpresidence_filters_dropdown\">\n            <!-- Dropdown toggle button -->\n            <button data-toggle=\"dropdown\" id=\"a_filter_order\"\n                class=\"btn dropdown-toggle filter_menu_trigger\"\n                type=\"button\" data-bs-toggle=\"dropdown\" aria-expanded=\"false\"\n                data-value=\"0\">\n               Default\n            <\/button>\n            <!-- Dropdown menu items -->\n            <ul class=\"dropdown-menu filter_menu\" role=\"menu\" aria-labelledby=\"a_filter_order\">\n                <li role=\"presentation\" data-value=\"1\">Price High to Low<\/li><li role=\"presentation\" data-value=\"2\">Price Low to High<\/li><li role=\"presentation\" data-value=\"3\">Newest first<\/li><li role=\"presentation\" data-value=\"4\">Oldest first<\/li><li role=\"presentation\" data-value=\"11\">Newest Edited<\/li><li role=\"presentation\" data-value=\"12\">Oldest Edited <\/li><li role=\"presentation\" data-value=\"5\">Bedrooms High to Low<\/li><li role=\"presentation\" data-value=\"6\">Bedrooms Low to high<\/li><li role=\"presentation\" data-value=\"7\">Bathrooms High to Low<\/li><li role=\"presentation\" data-value=\"8\">Bathrooms Low to high<\/li><li role=\"presentation\" data-value=\"0\">Default<\/li>\n            <\/ul>\n        <\/div>\n        \n        <div class=\"wpestate_list_grid_filter_wiew_wrapper\">\n            <!-- Grid view toggle -->\n            <div class=\"listing_filter_select listing_filter_views grid_filter_wiew\">\n                <div id=\"grid_view\" class=\"icon_selected\">\n                    <i class=\"fa-solid fa-grip-vertical\"><\/i>\n                <\/div>\n            <\/div>\n\n            <!-- List view toggle -->\n            <div class=\"listing_filter_select listing_filter_views list_filter_wiew\">\n                <div id=\"list_view\" class=\"\">\n                    <i class=\"fas fa-bars\"><\/i>\n                <\/div>\n            <\/div>\n            <div data-toggle=\"dropdown\" id=\"a_filter_county\" class=\"\" data-value=\"dubai\"><\/div>\n        <\/div>\n    <\/div>\n<div class=\"wpestate_filter_list_properties_wrapper row\" \n                            data-ishortcode=\"1\" \n                            data-number=\"9\"  \n                            data-rownumber=\"3\" \n                            data-card_version=\"0\" \n                            data-align=\"vertical\"><div class=\"col-lg-4 col-12 col-sm-6 col-md-6 listing_wrapper\" data-org=\"4\" data-main-modal=\"https:\/\/tymrealestate.com\/wp-content\/uploads\/2025\/12\/image-12-e1764682515361-835x467.png\" data-modal-title=\"Brevemente\" data-modal-link=\"https:\/\/tymrealestate.com\/properties\/coming-soon\/\" data-listid=\"29739\"> <div class=\"property_listing property_card_default\" data-link=\"\"> <div class=\"listing-unit-img-wrapper\"> <div class=\"prop_new_details\"> <div class=\"prop_new_details_back\"><\/div> <div class=\"property_media\"> <i class=\"fas fa-camera\"><\/i> 1<\/div> <div class=\"featured_gradient\"><\/div> <\/div> <a href=\"https:\/\/tymrealestate.com\/en\/properties\/coming-soon\/\" target=\"_self\"><img decoding=\"async\" src=\"https:\/\/tymrealestate.com\/wp-content\/uploads\/2025\/12\/image-12-e1764682515361-525x328.png\" data-original=\"https:\/\/tymrealestate.com\/wp-content\/uploads\/2025\/12\/image-12-e1764682515361-525x328.png\" class=\"lazyload img-responsive\" \/><\/a><div class=\"tag-wrapper\"> <div class=\"status-wrapper\"> <div class=\"ribbon-inside active\">active<\/div><\/div><\/div> <\/div> <div class=\"property-unit-information-wrapper\"> <h4> <a href=\"https:\/\/tymrealestate.com\/en\/properties\/coming-soon\/\" >Coming soon<\/a><\/h4><div class=\"listing_unit_price_wrapper\"> <span class=\"price_label\"><\/span><\/div><div class=\"listing_details the_grid_view\" style=\"display:block\"> <\/div><div class=\"listing_details the_list_view\" style=\"display:none\"> <\/div><div class=\"property_listing_details\"> <a href=\"https:\/\/tymrealestate.com\/en\/properties\/coming-soon\/\" target=\"_self\" class=\"unit_details_x\">details<\/a><\/div> <div class=\"property_location\"> <div class=\"property_agent_wrapper\"> <div class=\"property_agent_image\" style=\"background-image:url('https:\/\/tymrealestate.com\/wp-content\/uploads\/2025\/12\/image-12-e1764682515361-120x120.png')\"><\/div> <div class=\"property_agent_image_sign\"><i class=\"far fa-user-circle\"><\/i><\/div> <\/div><div class=\"listing_actions\"> <div class=\"share_unit\"> <a href=\"https:\/\/www.facebook.com\/sharer.php?u=https:\/\/tymrealestate.com\/properties\/coming-soon\/&#038;t=Brevemente\" target=\"_blank\" rel=\"noreferrer\" class=\"social_facebook\"><\/a> <a href=\"https:\/\/twitter.com\/intent\/tweet?text=Brevemente+https%3A%2F%2Ftymrealestate.com%2Fproperties%2Fcoming-soon%2F\" class=\"social_tweet\" rel=\"noreferrer\" target=\"_blank\"><\/a> <a href=\"https:\/\/pinterest.com\/pin\/create\/button\/?url=https:\/\/tymrealestate.com\/properties\/coming-soon\/&#038;media=https:\/\/tymrealestate.com\/wp-content\/uploads\/2025\/12\/image-12-e1764682515361.png&#038;description=Brevemente\" target=\"_blank\" rel=\"noreferrer\" class=\"social_pinterest\"><\/a> <a href=\"https:\/\/wa.me\/?text=Brevemente%20https:\/\/tymrealestate.com\/properties\/coming-soon\/\" class=\"social_whatsup\" rel=\"noreferrer\" target=\"_blank\"><\/a> <a href=\"mailto:?subject=Brevemente&amp;body=https%3A%2F%2Ftymrealestate.com%2Fproperties%2Fcoming-soon%2F\" data-action=\"share email\" class=\"social_email\"><\/a> <\/div> <span class=\"share_list\" data-bs-toggle=\"tooltip\" title=\"share\"><\/span> <span class=\"icon-fav icon-fav-off\" data-bs-toggle=\"tooltip\" title=\"adicionar aos favoritos\" data-postid=\"29739\"> <\/span> <span class=\"compare-action\" data-bs-toggle=\"tooltip\" title=\"compare\" data-pimage=\"https:\/\/tymrealestate.com\/wp-content\/uploads\/2025\/12\/image-12-e1764682515361-143x83.png\" data-pid=\"29739\"> <\/span> <\/div> <\/div> <\/div> <\/div><\/div><div class=\"spinner\" id=\"listing_loader2\">\n                           <div class=\"new_prelader\"><\/div>\n                       <\/div><\/div>\t\t\t\t<\/div>\n\t\t\t\t<\/div>\n\t\t\t\t<\/div>\n\t\t\t\t\t<\/div>\n\t\t\t\t<\/div>\n\t\t\t\t<\/div>","protected":false},"excerpt":{"rendered":"<p>Casas de f\u00e9rias em Dubai Home Dubai holiday homes Vida de luxo redefinida \u2013 Casas de f\u00e9rias em Dubai Explore casas de f\u00e9rias exclusivas em Dubai, de apartamentos \u00e0 beira-mar a su\u00edtes luxuosas no centro da cidade. Cada propriedade combina design elegante, instala\u00e7\u00f5es de alto padr\u00e3o e localiza\u00e7\u00e3o privilegiada perto de atra\u00e7\u00f5es ic\u00f4nicas \u2014 proporcionando a voc\u00ea a melhor experi\u00eancia em Dubai com o &#8230;<\/p>","protected":false},"author":1,"featured_media":0,"parent":0,"menu_order":0,"comment_status":"closed","ping_status":"closed","template":"elementor_header_footer","meta":{"footnotes":""},"class_list":["post-28756","page","type-page","status-publish","hentry"],"_links":{"self":[{"href":"https:\/\/tymrealestate.com\/en\/wp-json\/wp\/v2\/pages\/28756","targetHints":{"allow":["GET"]}}],"collection":[{"href":"https:\/\/tymrealestate.com\/en\/wp-json\/wp\/v2\/pages"}],"about":[{"href":"https:\/\/tymrealestate.com\/en\/wp-json\/wp\/v2\/types\/page"}],"author":[{"embeddable":true,"href":"https:\/\/tymrealestate.com\/en\/wp-json\/wp\/v2\/users\/1"}],"replies":[{"embeddable":true,"href":"https:\/\/tymrealestate.com\/en\/wp-json\/wp\/v2\/comments?post=28756"}],"version-history":[{"count":37,"href":"https:\/\/tymrealestate.com\/en\/wp-json\/wp\/v2\/pages\/28756\/revisions"}],"predecessor-version":[{"id":29747,"href":"https:\/\/tymrealestate.com\/en\/wp-json\/wp\/v2\/pages\/28756\/revisions\/29747"}],"wp:attachment":[{"href":"https:\/\/tymrealestate.com\/en\/wp-json\/wp\/v2\/media?parent=28756"}],"curies":[{"name":"wp","href":"https:\/\/api.w.org\/{rel}","templated":true}]}}